{"id":6657,"date":"2024-05-29T11:35:23","date_gmt":"2024-05-29T09:35:23","guid":{"rendered":"https:\/\/vavava.org\/contacto\/"},"modified":"2025-11-24T09:25:08","modified_gmt":"2025-11-24T08:25:08","slug":"contacte","status":"publish","type":"page","link":"https:\/\/vavava.org\/ca\/contacte\/","title":{"rendered":"Contacte"},"content":{"rendered":"[vc_row type=&#8221;in_container&#8221; full_screen_row_position=&#8221;middle&#8221; column_margin=&#8221;default&#8221; column_direction=&#8221;default&#8221; column_direction_tablet=&#8221;default&#8221; column_direction_phone=&#8221;default&#8221; scene_position=&#8221;center&#8221; top_padding=&#8221;80&#8243; text_color=&#8221;dark&#8221; text_align=&#8221;left&#8221; row_border_radius=&#8221;none&#8221; row_border_radius_applies=&#8221;bg&#8221; overflow=&#8221;visible&#8221; overlay_strength=&#8221;0.3&#8243; gradient_direction=&#8221;left_to_right&#8221; shape_divider_position=&#8221;bottom&#8221; bg_image_animation=&#8221;none&#8221; gradient_type=&#8221;default&#8221; shape_type=&#8221;&#8221;][vc_column column_padding=&#8221;padding-3-percent&#8221; column_padding_tablet=&#8221;inherit&#8221; column_padding_phone=&#8221;inherit&#8221; column_padding_position=&#8221;top&#8221; column_element_direction_desktop=&#8221;default&#8221; column_element_spacing=&#8221;default&#8221; desktop_text_alignment=&#8221;default&#8221; tablet_text_alignment=&#8221;default&#8221; phone_text_alignment=&#8221;default&#8221; background_color_opacity=&#8221;1&#8243; background_hover_color_opacity=&#8221;1&#8243; column_backdrop_filter=&#8221;none&#8221; column_shadow=&#8221;none&#8221; column_border_radius=&#8221;none&#8221; column_link_target=&#8221;_self&#8221; column_position=&#8221;default&#8221; gradient_direction=&#8221;left_to_right&#8221; overlay_strength=&#8221;0.3&#8243; width=&#8221;1\/3&#8243; tablet_width_inherit=&#8221;default&#8221; animation_type=&#8221;default&#8221; bg_image_animation=&#8221;none&#8221; border_type=&#8221;simple&#8221; column_border_width=&#8221;none&#8221; column_border_style=&#8221;solid&#8221; column_padding_type=&#8221;default&#8221; gradient_type=&#8221;default&#8221;][vc_column_text css=&#8221;&#8221; text_direction=&#8221;default&#8221;]\n<h3 style=\"color: #2771c9;\">Dades de contacte:<\/h3>\n[\/vc_column_text][divider line_type=&#8221;Small Line&#8221; line_alignment=&#8221;default&#8221; line_thickness=&#8221;3&#8243; divider_color=&#8221;extra-color-2&#8243; custom_height=&#8221;50&#8243; custom_line_width=&#8221;50&#8243;]<div class=\"iwithtext\"><div class=\"iwt-icon\"> <i class=\"icon-default-style fa fa-map-marker accent-color\"><\/i> <\/div><div class=\"iwt-text\"> \n<h4>Adre\u00e7a:<\/h4>\n<p>Riera Matamoros, 30. 08911 Badalona, Barcelona, Spain. <\/div><div class=\"clear\"><\/div><\/div><div class=\"iwithtext\"><div class=\"iwt-icon\"> <i class=\"icon-default-style fa fa-phone accent-color\"><\/i> <\/div><div class=\"iwt-text\"> \n<h4>Tel\u00e8fon:<\/h4>\n<p>+34 933 842 906 <\/div><div class=\"clear\"><\/div><\/div><div class=\"iwithtext\"><div class=\"iwt-icon\"> <i class=\"icon-default-style fa fa-envelope-o accent-color\"><\/i> <\/div><div class=\"iwt-text\"> \n<h4>Correu electr\u00f2nic:<\/h4>\n<p>hola@vavava.org <\/div><div class=\"clear\"><\/div><\/div>[\/vc_column][vc_column column_padding=&#8221;no-extra-padding&#8221; column_padding_tablet=&#8221;inherit&#8221; column_padding_phone=&#8221;inherit&#8221; column_padding_position=&#8221;all&#8221; column_element_direction_desktop=&#8221;default&#8221; column_element_spacing=&#8221;default&#8221; desktop_text_alignment=&#8221;default&#8221; tablet_text_alignment=&#8221;default&#8221; phone_text_alignment=&#8221;default&#8221; background_color_opacity=&#8221;1&#8243; background_hover_color_opacity=&#8221;1&#8243; column_backdrop_filter=&#8221;none&#8221; column_shadow=&#8221;none&#8221; column_border_radius=&#8221;none&#8221; column_link_target=&#8221;_self&#8221; column_position=&#8221;default&#8221; el_class=&#8221;contact_form&#8221; gradient_direction=&#8221;left_to_right&#8221; overlay_strength=&#8221;0.3&#8243; width=&#8221;2\/3&#8243; tablet_width_inherit=&#8221;default&#8221; animation_type=&#8221;default&#8221; bg_image_animation=&#8221;none&#8221; border_type=&#8221;simple&#8221; column_border_width=&#8221;none&#8221; column_border_style=&#8221;solid&#8221; column_padding_type=&#8221;default&#8221; gradient_type=&#8221;default&#8221;]\n<div class=\"wpcf7 no-js\" id=\"wpcf7-f6901-o1\" lang=\"es-ES\" dir=\"ltr\" data-wpcf7-id=\"6901\">\n<div class=\"screen-reader-response\"><p role=\"status\" aria-live=\"polite\" aria-atomic=\"true\"><\/p> <ul><\/ul><\/div>\n<form action=\"\/ca\/wp-json\/wp\/v2\/pages\/6657#wpcf7-f6901-o1\" method=\"post\" class=\"wpcf7-form init\" aria-label=\"Formulario de contacto\" novalidate=\"novalidate\" data-status=\"init\">\n<fieldset class=\"hidden-fields-container\"><input type=\"hidden\" name=\"_wpcf7\" value=\"6901\" \/><input type=\"hidden\" name=\"_wpcf7_version\" value=\"6.1.5\" \/><input type=\"hidden\" name=\"_wpcf7_locale\" value=\"es_ES\" \/><input type=\"hidden\" name=\"_wpcf7_unit_tag\" value=\"wpcf7-f6901-o1\" \/><input type=\"hidden\" name=\"_wpcf7_container_post\" value=\"0\" \/><input type=\"hidden\" name=\"_wpcf7_posted_data_hash\" value=\"\" \/><input type=\"hidden\" name=\"_wpcf7cf_hidden_group_fields\" value=\"[]\" \/><input type=\"hidden\" name=\"_wpcf7cf_hidden_groups\" value=\"[]\" \/><input type=\"hidden\" name=\"_wpcf7cf_visible_groups\" value=\"[]\" \/><input type=\"hidden\" name=\"_wpcf7cf_repeaters\" value=\"[]\" \/><input type=\"hidden\" name=\"_wpcf7cf_steps\" value=\"{}\" \/><input type=\"hidden\" name=\"_wpcf7cf_options\" value=\"{&quot;form_id&quot;:6901,&quot;conditions&quot;:[{&quot;then_field&quot;:&quot;viaje_group&quot;,&quot;and_rules&quot;:[{&quot;if_field&quot;:&quot;select-713&quot;,&quot;operator&quot;:&quot;equals&quot;,&quot;if_value&quot;:&quot;Sol\\u00b7licitar pressupost per a un viatge&quot;}]},{&quot;then_field&quot;:&quot;grupo_grande_text&quot;,&quot;and_rules&quot;:[{&quot;if_field&quot;:&quot;select-viajeros&quot;,&quot;operator&quot;:&quot;equals&quot;,&quot;if_value&quot;:&quot;10 o m\\u00e9s persones&quot;}]},{&quot;then_field&quot;:&quot;presupuesto_coste_group&quot;,&quot;and_rules&quot;:[{&quot;if_field&quot;:&quot;select-viajeros&quot;,&quot;operator&quot;:&quot;equals&quot;,&quot;if_value&quot;:&quot;Fins a 9 persones&quot;}]},{&quot;then_field&quot;:&quot;presupuesto_aceptado_text&quot;,&quot;and_rules&quot;:[{&quot;if_field&quot;:&quot;checkbox-coste&quot;,&quot;operator&quot;:&quot;not empty&quot;,&quot;if_value&quot;:&quot;1&quot;}]}],&quot;settings&quot;:{&quot;animation&quot;:&quot;yes&quot;,&quot;animation_intime&quot;:200,&quot;animation_outtime&quot;:200,&quot;conditions_ui&quot;:&quot;normal&quot;,&quot;notice_dismissed&quot;:false}}\" \/><input type=\"hidden\" name=\"_wpcf7_recaptcha_response\" value=\"\" \/>\n<\/fieldset>\n<div id=\"responsive-form\" class=\"clearfix\">\n\t<div class=\"form-row\">\n\t\t<div class=\"column-full\">\n\t\t\t<p>Indiqueu-nos el tema del vostre inter\u00e8s: *<br \/>\n\u00a0 \u00a0 \u00a0 \u00a0 \u00a0 \u00a0 <span class=\"wpcf7-form-control-wrap\" data-name=\"select-713\"><select class=\"wpcf7-form-control wpcf7-select wpcf7-validates-as-required\" aria-required=\"true\" aria-invalid=\"false\" name=\"select-713\"><option value=\"_\">_<\/option><option value=\"Sol\u00b7licitar pressupost per a un viatge\">Sol\u00b7licitar pressupost per a un viatge<\/option><option value=\"Informaci\u00f3 per a l&#039;acreditaci\u00f3 Friendly Places\">Informaci\u00f3 per a l&#039;acreditaci\u00f3 Friendly Places<\/option><option value=\"Informaci\u00f3 sobre els serveis d&#039;Ag\u00e8ncia Receptiva\">Informaci\u00f3 sobre els serveis d&#039;Ag\u00e8ncia Receptiva<\/option><option value=\"Informaci\u00f3 sobre els serveis Vavava empreses\">Informaci\u00f3 sobre els serveis Vavava empreses<\/option><\/select><\/span>\n\t\t\t<\/p>\n\t\t<\/div>\n\t<\/div>\n\t<div data-id=\"viaje_group\" data-orig_data_id=\"viaje_group\"  class=\"\" data-class=\"wpcf7cf_group\">\n\t\t<div class=\"form-row\">\n\t\t\t<div class=\"column-full\">\n\t\t\t\t<p>Per a quantes persones seria el viatge? *<br \/>\n\u00a0 \u00a0 \u00a0 \u00a0 \u00a0 \u00a0 \u00a0 \u00a0 <span class=\"wpcf7-form-control-wrap\" data-name=\"select-viajeros\"><select class=\"wpcf7-form-control wpcf7-select wpcf7-validates-as-required\" aria-required=\"true\" aria-invalid=\"false\" name=\"select-viajeros\"><option value=\"_\">_<\/option><option value=\"Fins a 9 persones\">Fins a 9 persones<\/option><option value=\"10 o m\u00e9s persones\">10 o m\u00e9s persones<\/option><\/select><\/span>\n\t\t\t\t<\/p>\n\t\t\t<\/div>\n\t\t<\/div>\n\t\t<div data-id=\"grupo_grande_text\" data-orig_data_id=\"grupo_grande_text\"  class=\"\" data-class=\"wpcf7cf_group\">\n\t\t\t<div class=\"form-row\">\n\t\t\t\t<div class=\"column-full\">\n\t\t\t\t\t<p style=\"padding: 15px; border: 1px solid #007bff; background-color: #e6f3ff;\">**Gr\u00e0cies per la informaci\u00f3. Per a grups de 10 o m\u00e9s persones preparem propostes especials i ajustades a les vostres necessitats. En breu ens posarem en contacte per oferir-vos la millor opci\u00f3.**<br \/>\n\t\t\t\t\t<\/p>\n\t\t\t\t<\/div>\n\t\t\t<\/div>\n\t\t<\/div>\n\t\t<div data-id=\"presupuesto_coste_group\" data-orig_data_id=\"presupuesto_coste_group\"  class=\"\" data-class=\"wpcf7cf_group\">\n\t\t\t<div class=\"form-row\">\n\t\t\t\t<div class=\"column-full\">\n\t\t\t\t\t<p style=\"margin-bottom: 10px; padding: 15px; border: 1px solid #f21811; background-color: #f5dcdb; color:#333\">Dediquem temps i cura a estudiar el vostre projecte per oferir-vos un pressupost prec\u00eds i personalitzat. Per aix\u00f2 t\u00e9 un petit cost de 50\u20ac, que es descomptar\u00e0 de l'import final si decidiu contractar el projecte amb nosaltres.\n\t\t\t\t\t<\/p>\n\t\t\t\t\t<p><span class=\"wpcf7-form-control-wrap\" data-name=\"checkbox-coste\"><span class=\"wpcf7-form-control wpcf7-checkbox wpcf7-validates-as-required\"><span class=\"wpcf7-list-item first last\"><label><input type=\"checkbox\" name=\"checkbox-coste[]\" value=\"Desitjo seguir i acceptar el cost de 50\u20ac\" \/><span class=\"wpcf7-list-item-label\">Desitjo seguir i acceptar el cost de 50\u20ac<\/span><\/label><\/span><\/span><\/span>\n\t\t\t\t\t<\/p>\n\t\t\t\t<\/div>\n\t\t\t<\/div>\n\t\t<\/div>\n\t\t<div data-id=\"presupuesto_aceptado_text\" data-orig_data_id=\"presupuesto_aceptado_text\"  class=\"\" data-class=\"wpcf7cf_group\">\n\t\t\t<div class=\"form-row\">\n\t\t\t\t<div class=\"column-full\">\n\t\t\t\t\t<p style=\"padding: 15px; border: 1px solid #28a745; background-color: #e9fbe9;\">**Perfecte! Gr\u00e0cies per confiar en la nostra feina. Prepararem el vostre pressupost amb el m\u00e0xim detall i dedicaci\u00f3.** Us enviem a la vostra b\u00fastia la informaci\u00f3 perqu\u00e8 pugueu fer la transfer\u00e8ncia.<br \/>\n\t\t\t\t\t<\/p>\n\t\t\t\t<\/div>\n\t\t\t<\/div>\n\t\t<\/div>\n\t<\/div>\n\t<div class=\"form-row\">\n\t\t<div class=\"column-half\">\n\t\t\t<p><b>Nom*<\/b><span class=\"wpcf7-form-control-wrap\" data-name=\"Nombre\"><input size=\"40\" maxlength=\"400\" class=\"wpcf7-form-control wpcf7-text wpcf7-validates-as-required\" aria-required=\"true\" aria-invalid=\"false\" value=\"\" type=\"text\" name=\"Nombre\" \/><\/span>\n\t\t\t<\/p>\n\t\t<\/div>\n\t\t<div class=\"column-half\">\n\t\t\t<p><b>Cognoms*<\/b><span class=\"wpcf7-form-control-wrap\" data-name=\"Apellidos\"><input size=\"40\" maxlength=\"400\" class=\"wpcf7-form-control wpcf7-text wpcf7-validates-as-required\" aria-required=\"true\" aria-invalid=\"false\" value=\"\" type=\"text\" name=\"Apellidos\" \/><\/span>\n\t\t\t<\/p>\n\t\t<\/div>\n\t<\/div>\n\t<div class=\"form-row\">\n\t\t<div class=\"column-half\">\n\t\t\t<p><b>Correu electr\u00f2nic *<br \/>\n\u00a0 \u00a0 \u00a0 <span class=\"wpcf7-form-control-wrap\" data-name=\"email-658\"><input size=\"40\" maxlength=\"400\" class=\"wpcf7-form-control wpcf7-email wpcf7-validates-as-required wpcf7-text wpcf7-validates-as-email\" aria-required=\"true\" aria-invalid=\"false\" value=\"\" type=\"email\" name=\"email-658\" \/><\/span><br \/>\n\u00a0 \u00a0 <\/b>\n\t\t\t<\/p>\n\t\t<\/div>\n\t\t<div class=\"column-half\">\n\t\t\t<p><b>Tel\u00e8fon*<\/b><span class=\"wpcf7-form-control-wrap\" data-name=\"Telefono\"><input size=\"40\" maxlength=\"400\" class=\"wpcf7-form-control wpcf7-text wpcf7-validates-as-required\" aria-required=\"true\" aria-invalid=\"false\" value=\"\" type=\"text\" name=\"Telefono\" \/><\/span>\n\t\t\t<\/p>\n\t\t<\/div>\n\t<\/div>\n\t<div class=\"form-row\">\n\t\t<div class=\"column-full\">\n\t\t\t<p><b>Comentari o missatge<\/b><span class=\"wpcf7-form-control-wrap\" data-name=\"your-message\"><textarea cols=\"40\" rows=\"5\" maxlength=\"2000\" class=\"wpcf7-form-control wpcf7-textarea\" aria-invalid=\"false\" name=\"your-message\"><\/textarea><\/span>\n\t\t\t<\/p>\n\t\t<\/div>\n\t<\/div>\n\t<div class=\"form-row\">\n\t\t<div class=\"column-full\">\n\t\t\t<p><span class=\"wpcf7-form-control-wrap\" data-name=\"acceptance-643\"><span class=\"wpcf7-form-control wpcf7-acceptance optional\"><span class=\"wpcf7-list-item\"><label><input type=\"checkbox\" name=\"acceptance-643\" value=\"1\" aria-invalid=\"false\" \/><span class=\"wpcf7-list-item-label\">He llegit i accepto la pol\u00edtica de privacitat del web<\/span><\/label><\/span><\/span><\/span>\n\t\t\t<\/p>\n\t\t<\/div>\n\t<\/div>\n\t<div class=\"form-row\">\n\t\t<div class=\"column-full\">\n\t\t\t<p><input class=\"wpcf7-form-control wpcf7-submit has-spinner\" type=\"submit\" value=\"Enviar\" \/>\n\t\t\t<\/p>\n\t\t<\/div>\n\t<\/div>\n<\/div><div class=\"wpcf7-response-output\" aria-hidden=\"true\"><\/div>\n<\/form>\n<\/div>\n[\/vc_column][\/vc_row]\n","protected":false},"excerpt":{"rendered":"<p>[vc_row type=&#8221;in_container&#8221; full_screen_row_position=&#8221;middle&#8221; column_margin=&#8221;default&#8221; column_direction=&#8221;default&#8221; column_direction_tablet=&#8221;default&#8221; column_direction_phone=&#8221;default&#8221; scene_position=&#8221;center&#8221; top_padding=&#8221;80&#8243; text_color=&#8221;dark&#8221; text_align=&#8221;left&#8221; row_border_radius=&#8221;none&#8221; row_border_radius_applies=&#8221;bg&#8221; overflow=&#8221;visible&#8221; overlay_strength=&#8221;0.3&#8243; gradient_direction=&#8221;left_to_right&#8221; shape_divider_position=&#8221;bottom&#8221; bg_image_animation=&#8221;none&#8221; gradient_type=&#8221;default&#8221; shape_type=&#8221;&#8221;][vc_column column_padding=&#8221;padding-3-percent&#8221; column_padding_tablet=&#8221;inherit&#8221; column_padding_phone=&#8221;inherit&#8221; column_padding_position=&#8221;top&#8221; column_element_direction_desktop=&#8221;default&#8221; column_element_spacing=&#8221;default&#8221; desktop_text_alignment=&#8221;default&#8221; tablet_text_alignment=&#8221;default&#8221; phone_text_alignment=&#8221;default&#8221; background_color_opacity=&#8221;1&#8243;&#8230;<\/p>\n","protected":false},"author":1,"featured_media":0,"parent":0,"menu_order":0,"comment_status":"closed","ping_status":"closed","template":"","meta":{"footnotes":""},"class_list":["post-6657","page","type-page","status-publish"],"yoast_head":"<!-- This site is optimized with the Yoast SEO plugin v27.3 - https:\/\/yoast.com\/product\/yoast-seo-wordpress\/ -->\n<title>Contacte - VAVAVA Viajes<\/title>\n<meta name=\"robots\" content=\"index, follow, max-snippet:-1, max-image-preview:large, max-video-preview:-1\" \/>\n<link rel=\"canonical\" href=\"https:\/\/vavava.org\/ca\/contacte\/\" \/>\n<meta property=\"og:locale\" content=\"ca_ES\" \/>\n<meta property=\"og:type\" content=\"article\" \/>\n<meta property=\"og:title\" content=\"Contacte - VAVAVA Viajes\" \/>\n<meta property=\"og:description\" content=\"[vc_row type=&#8221;in_container&#8221; full_screen_row_position=&#8221;middle&#8221; column_margin=&#8221;default&#8221; column_direction=&#8221;default&#8221; column_direction_tablet=&#8221;default&#8221; column_direction_phone=&#8221;default&#8221; scene_position=&#8221;center&#8221; top_padding=&#8221;80&#8243; text_color=&#8221;dark&#8221; text_align=&#8221;left&#8221; row_border_radius=&#8221;none&#8221; row_border_radius_applies=&#8221;bg&#8221; overflow=&#8221;visible&#8221; overlay_strength=&#8221;0.3&#8243; gradient_direction=&#8221;left_to_right&#8221; shape_divider_position=&#8221;bottom&#8221; bg_image_animation=&#8221;none&#8221; gradient_type=&#8221;default&#8221; shape_type=&#8221;&#8221;][vc_column column_padding=&#8221;padding-3-percent&#8221; column_padding_tablet=&#8221;inherit&#8221; column_padding_phone=&#8221;inherit&#8221; column_padding_position=&#8221;top&#8221; column_element_direction_desktop=&#8221;default&#8221; column_element_spacing=&#8221;default&#8221; desktop_text_alignment=&#8221;default&#8221; tablet_text_alignment=&#8221;default&#8221; phone_text_alignment=&#8221;default&#8221; background_color_opacity=&#8221;1&#8243;...\" \/>\n<meta property=\"og:url\" content=\"https:\/\/vavava.org\/ca\/contacte\/\" \/>\n<meta property=\"og:site_name\" content=\"VAVAVA - Ag\u00e8ncia de viatges especialitzada en el Tercer Sector\" \/>\n<meta property=\"article:modified_time\" content=\"2025-11-24T08:25:08+00:00\" \/>\n<meta name=\"twitter:card\" content=\"summary_large_image\" \/>\n<meta name=\"twitter:label1\" content=\"Temps estimat de lectura\" \/>\n\t<meta name=\"twitter:data1\" content=\"1 minut\" \/>\n<script type=\"application\/ld+json\" class=\"yoast-schema-graph\">{\"@context\":\"https:\\\/\\\/schema.org\",\"@graph\":[{\"@type\":\"WebPage\",\"@id\":\"https:\\\/\\\/vavava.org\\\/ca\\\/contacte\\\/\",\"url\":\"https:\\\/\\\/vavava.org\\\/ca\\\/contacte\\\/\",\"name\":\"Contacte - VAVAVA Viajes\",\"isPartOf\":{\"@id\":\"https:\\\/\\\/vavava.org\\\/#website\"},\"datePublished\":\"2024-05-29T09:35:23+00:00\",\"dateModified\":\"2025-11-24T08:25:08+00:00\",\"breadcrumb\":{\"@id\":\"https:\\\/\\\/vavava.org\\\/ca\\\/contacte\\\/#breadcrumb\"},\"inLanguage\":\"ca\",\"potentialAction\":[{\"@type\":\"ReadAction\",\"target\":[\"https:\\\/\\\/vavava.org\\\/ca\\\/contacte\\\/\"]}]},{\"@type\":\"BreadcrumbList\",\"@id\":\"https:\\\/\\\/vavava.org\\\/ca\\\/contacte\\\/#breadcrumb\",\"itemListElement\":[{\"@type\":\"ListItem\",\"position\":1,\"name\":\"VAVAVA Viajes\",\"item\":\"https:\\\/\\\/vavava.org\\\/ca\\\/\"},{\"@type\":\"ListItem\",\"position\":2,\"name\":\"Contacte\"}]},{\"@type\":\"WebSite\",\"@id\":\"https:\\\/\\\/vavava.org\\\/#website\",\"url\":\"https:\\\/\\\/vavava.org\\\/\",\"name\":\"VAVAVA - Ag\u00e8ncia de viatges especialitzada en el Tercer Sector\",\"description\":\"Turismo inclusivo, adaptado y accesible\",\"potentialAction\":[{\"@type\":\"SearchAction\",\"target\":{\"@type\":\"EntryPoint\",\"urlTemplate\":\"https:\\\/\\\/vavava.org\\\/?s={search_term_string}\"},\"query-input\":{\"@type\":\"PropertyValueSpecification\",\"valueRequired\":true,\"valueName\":\"search_term_string\"}}],\"inLanguage\":\"ca\"}]}<\/script>\n<!-- \/ Yoast SEO plugin. -->","yoast_head_json":{"title":"Contacte - VAVAVA Viajes","robots":{"index":"index","follow":"follow","max-snippet":"max-snippet:-1","max-image-preview":"max-image-preview:large","max-video-preview":"max-video-preview:-1"},"canonical":"https:\/\/vavava.org\/ca\/contacte\/","og_locale":"ca_ES","og_type":"article","og_title":"Contacte - VAVAVA Viajes","og_description":"[vc_row type=&#8221;in_container&#8221; full_screen_row_position=&#8221;middle&#8221; column_margin=&#8221;default&#8221; column_direction=&#8221;default&#8221; column_direction_tablet=&#8221;default&#8221; column_direction_phone=&#8221;default&#8221; scene_position=&#8221;center&#8221; top_padding=&#8221;80&#8243; text_color=&#8221;dark&#8221; text_align=&#8221;left&#8221; row_border_radius=&#8221;none&#8221; row_border_radius_applies=&#8221;bg&#8221; overflow=&#8221;visible&#8221; overlay_strength=&#8221;0.3&#8243; gradient_direction=&#8221;left_to_right&#8221; shape_divider_position=&#8221;bottom&#8221; bg_image_animation=&#8221;none&#8221; gradient_type=&#8221;default&#8221; shape_type=&#8221;&#8221;][vc_column column_padding=&#8221;padding-3-percent&#8221; column_padding_tablet=&#8221;inherit&#8221; column_padding_phone=&#8221;inherit&#8221; column_padding_position=&#8221;top&#8221; column_element_direction_desktop=&#8221;default&#8221; column_element_spacing=&#8221;default&#8221; desktop_text_alignment=&#8221;default&#8221; tablet_text_alignment=&#8221;default&#8221; phone_text_alignment=&#8221;default&#8221; background_color_opacity=&#8221;1&#8243;...","og_url":"https:\/\/vavava.org\/ca\/contacte\/","og_site_name":"VAVAVA - Ag\u00e8ncia de viatges especialitzada en el Tercer Sector","article_modified_time":"2025-11-24T08:25:08+00:00","twitter_card":"summary_large_image","twitter_misc":{"Temps estimat de lectura":"1 minut"},"schema":{"@context":"https:\/\/schema.org","@graph":[{"@type":"WebPage","@id":"https:\/\/vavava.org\/ca\/contacte\/","url":"https:\/\/vavava.org\/ca\/contacte\/","name":"Contacte - VAVAVA Viajes","isPartOf":{"@id":"https:\/\/vavava.org\/#website"},"datePublished":"2024-05-29T09:35:23+00:00","dateModified":"2025-11-24T08:25:08+00:00","breadcrumb":{"@id":"https:\/\/vavava.org\/ca\/contacte\/#breadcrumb"},"inLanguage":"ca","potentialAction":[{"@type":"ReadAction","target":["https:\/\/vavava.org\/ca\/contacte\/"]}]},{"@type":"BreadcrumbList","@id":"https:\/\/vavava.org\/ca\/contacte\/#breadcrumb","itemListElement":[{"@type":"ListItem","position":1,"name":"VAVAVA Viajes","item":"https:\/\/vavava.org\/ca\/"},{"@type":"ListItem","position":2,"name":"Contacte"}]},{"@type":"WebSite","@id":"https:\/\/vavava.org\/#website","url":"https:\/\/vavava.org\/","name":"VAVAVA - Ag\u00e8ncia de viatges especialitzada en el Tercer Sector","description":"Turismo inclusivo, adaptado y accesible","potentialAction":[{"@type":"SearchAction","target":{"@type":"EntryPoint","urlTemplate":"https:\/\/vavava.org\/?s={search_term_string}"},"query-input":{"@type":"PropertyValueSpecification","valueRequired":true,"valueName":"search_term_string"}}],"inLanguage":"ca"}]}},"_links":{"self":[{"href":"https:\/\/vavava.org\/ca\/wp-json\/wp\/v2\/pages\/6657","targetHints":{"allow":["GET"]}}],"collection":[{"href":"https:\/\/vavava.org\/ca\/wp-json\/wp\/v2\/pages"}],"about":[{"href":"https:\/\/vavava.org\/ca\/wp-json\/wp\/v2\/types\/page"}],"author":[{"embeddable":true,"href":"https:\/\/vavava.org\/ca\/wp-json\/wp\/v2\/users\/1"}],"replies":[{"embeddable":true,"href":"https:\/\/vavava.org\/ca\/wp-json\/wp\/v2\/comments?post=6657"}],"version-history":[{"count":6,"href":"https:\/\/vavava.org\/ca\/wp-json\/wp\/v2\/pages\/6657\/revisions"}],"predecessor-version":[{"id":6903,"href":"https:\/\/vavava.org\/ca\/wp-json\/wp\/v2\/pages\/6657\/revisions\/6903"}],"wp:attachment":[{"href":"https:\/\/vavava.org\/ca\/wp-json\/wp\/v2\/media?parent=6657"}],"curies":[{"name":"wp","href":"https:\/\/api.w.org\/{rel}","templated":true}]}}