{"id":6760,"date":"2025-03-04T11:42:47","date_gmt":"2025-03-04T10:42:47","guid":{"rendered":"https:\/\/vavava.org\/aviso-legal\/"},"modified":"2025-05-19T19:32:59","modified_gmt":"2025-05-19T17:32:59","slug":"avis-legal","status":"publish","type":"page","link":"https:\/\/vavava.org\/ca\/avis-legal\/","title":{"rendered":"Av\u00eds legal"},"content":{"rendered":"<p>En virtut del que s&#8217;estableix a la Llei 34\/2002 de Serveis de la Societat de la Informaci\u00f3 i del Comer\u00e7 Electr\u00f2nic (LSSICE) i el Reglament (UE) 2016\/679 de 27 d&#8217;abril de 2016 (GDPR) relatiu a la protecci\u00f3 de les persones f\u00edsiques pel que fa al tractament de dades personals i a la lliure circulaci\u00f3 d&#8217;aquestes dades, s&#8217;ofereix la informaci\u00f3 seg\u00fcent:<\/p>\n<p>Responsable de la Web:<br \/>\nFUNDACI\u00d3 SIQUE<br \/>\nDomicili de contacte:<br \/>\nRiera Matamoros, 30<br \/>\n08911 Badalona<br \/>\nBARCELONA<br \/>\nT. 93 384 29 06<br \/>\nF. 93 384 77 24<br \/>\nhola@vavava.org<br \/>\nvavava.org<br \/>\nDades Fiscals: CIF.: G-61751863<br \/>\nDades d&#8217;inscripci\u00f3 registral:<br \/>\nDepartament de Just\u00edcia de la Generalitat de Catalunya, amb data de 28 de gener de 1999, amb el n\u00famero 1253.<\/p>\n<p><strong>USUARIS<\/strong><br \/>\nL&#8217;acc\u00e9s i\/o \u00fas d&#8217;aquest portal de Fundaci\u00f3 Sique atribueix la condici\u00f3 d&#8217;USUARI, que accepta, des d&#8217;aquest acc\u00e9s i\/o \u00fas, les Condicions Generals d&#8217;\u00das aqu\u00ed reflectides. Les esmentades Condicions seran aplicables independentment de les Condicions Generals de Contractaci\u00f3 que, si escau, resultin de compliment obligat.<\/p>\n<p><strong>\u00daS DEL PORTAL<\/strong><br \/>\nwww.fundaciosique.org proporciona l&#8217;acc\u00e9s a multitud d&#8217;informacions, serveis, programes o dades (d&#8217;ara endavant, &#8220;els continguts&#8221;) a Internet pertanyents a Fundaci\u00f3 Sique o als seus llicenciants als quals l&#8217;USUARI pugui tenir acc\u00e9s. L&#8217;USUARI assumeix la responsabilitat de l&#8217;\u00fas del portal. Aquesta responsabilitat s&#8217;est\u00e9n al registre que fos necessari per accedir a determinats serveis o continguts. En aquest registre, l&#8217;USUARI ser\u00e0 responsable d&#8217;aportar informaci\u00f3 vera\u00e7 i l\u00edcita. Com a conseq\u00fc\u00e8ncia d&#8217;aquest registre, a l&#8217;USUARI se li pot proporcionar una contrasenya de la qual ser\u00e0 responsable, comprometent-se a fer-ne un \u00fas diligent i confidencial. L&#8217;USUARI es compromet a fer un \u00fas adequat dels continguts i serveis (com ara serveis de xat, f\u00f2rums de discussi\u00f3 o grups de not\u00edcies) que Fundaci\u00f3 Sique ofereix a trav\u00e9s del seu portal i, amb car\u00e0cter enunciatiu per\u00f2 no limitatiu, a no emprar-los per a (i) inc\u00f3rrer en activitats il\u00b7l\u00edcites, il\u00b7legals o contr\u00e0ries a la bona fe i a l&#8217;ordre p\u00fablic; (ii) difondre continguts o propaganda de car\u00e0cter racista, xen\u00f2fob, pornogr\u00e0fic-il\u00b7legal, d&#8217;apologia del terrorisme o atemptatori contra els drets humans; (iii) provocar danys en els sistemes f\u00edsics i l\u00f2gics de Fundaci\u00f3 Sique, dels seus prove\u00efdors o de terceres persones, introduir o difondre a la xarxa virus inform\u00e0tics o qualsevol altre sistema f\u00edsic o l\u00f2gic que sigui susceptible de provocar els danys anteriorment esmentats; (iv) intentar accedir i, si escau, utilitzar els comptes de correu electr\u00f2nic d&#8217;altres usuaris i modificar o manipular els seus missatges. Fundaci\u00f3 Sique es reserva el dret de retirar tots aquells comentaris i aportacions que vulnerin el respecte a la dignitat de la persona, que siguin discriminatoris, xen\u00f2fobs, racistes, pornogr\u00e0fics, que atemptin contra la joventut o la inf\u00e0ncia, l&#8217;ordre o la seguretat p\u00fablica o que, al seu judici, no resultin adequats per a la seva publicaci\u00f3. En qualsevol cas, Fundaci\u00f3 Sique no ser\u00e0 responsable de les opinions abocades pels usuaris a trav\u00e9s dels f\u00f2rums, xats o altres eines de participaci\u00f3. \u00a0 <\/p>\n<p><strong>PROTECCI\u00d3 DE DADES<\/strong><br \/>\nFundaci\u00f3 Sique compleix amb les directrius de la Llei Org\u00e0nica 15\/1999, de 13 de desembre, de Protecci\u00f3 de Dades de Car\u00e0cter Personal, el Reial Decret 1720\/2007, de 21 de desembre, pel qual s&#8217;aprova el Reglament de desenvolupament de la Llei Org\u00e0nica i la resta de normativa vigent en cada moment, i vetlla per garantir un \u00fas i tractament correctes de les dades personals de l&#8217;usuari. Per aix\u00f2, juntament amb cada formulari de recollida de dades de car\u00e0cter personal, en els serveis que l&#8217;usuari pugui sol\u00b7licitar a [adre\u00e7a de correu electr\u00f2nic eliminada], far\u00e0 saber a l&#8217;usuari l&#8217;exist\u00e8ncia i l&#8217;acceptaci\u00f3 de les condicions particulars del tractament de les seves dades en cada cas, informant-lo de la responsabilitat del fitxer creat, l&#8217;adre\u00e7a del responsable, la possibilitat d&#8217;exercir els seus drets d&#8217;acc\u00e9s, rectificaci\u00f3, cancel\u00b7laci\u00f3 o oposici\u00f3, la finalitat del tractament i les comunicacions de dades a tercers, si escau. Aix\u00ed mateix, Fundaci\u00f3 Sique informa que compleix la Llei 34\/2002, d&#8217;11 de juliol, de Serveis de la Societat de la Informaci\u00f3 i el Comer\u00e7 Electr\u00f2nic, i sol\u00b7licitar\u00e0 el seu consentiment per al tractament del seu correu electr\u00f2nic amb finalitats comercials en cada moment. \u00a0 <\/p>\n<p><strong>PROPIETAT INTEL\u00b7LECTUAL I INDUSTRIAL<\/strong><br \/>\nFundaci\u00f3 Sique, per si mateixa o com a cession\u00e0ria, \u00e9s titular de tots els drets de propietat intel\u00b7lectual i industrial de la seva p\u00e0gina web, aix\u00ed com dels elements continguts en aquesta (a t\u00edtol enunciatiu, imatges, so, \u00e0udio, v\u00eddeo, programari o textos; marques o logotips, combinacions de colors, estructura i disseny, selecci\u00f3 de materials usats, programes d&#8217;ordinador necessaris per al seu funcionament, acc\u00e9s i \u00fas, etc.), titularitat de Fundaci\u00f3 Sique o b\u00e9 dels seus llicenciants. Tots els drets reservats. En virtut del que es disposa als articles 8 i 32.1, par\u00e0graf segon, de la Llei de Propietat Intel\u00b7lectual, queden expressament prohibides la reproducci\u00f3, la distribuci\u00f3 i la comunicaci\u00f3 p\u00fablica, inclosa la seva modalitat de posada a disposici\u00f3, de la totalitat o part dels continguts d&#8217;aquesta p\u00e0gina web, amb finalitats comercials, en qualsevol suport i per qualsevol mitj\u00e0 t\u00e8cnic, sense l&#8217;autoritzaci\u00f3 de Fundaci\u00f3 Sique. L&#8217;USUARI es compromet a respectar els drets de Propietat Intel\u00b7lectual i Industrial titularitat de Fundaci\u00f3 Sique. Podr\u00e0 visualitzar els elements del portal i fins i tot imprimir-los, copiar-los i emmagatzemar-los al disc dur del seu ordinador o en qualsevol altre suport f\u00edsic sempre que sigui, \u00fanica i exclusivament, per al seu \u00fas personal i privat. L&#8217;USUARI s&#8217;haur\u00e0 d&#8217;abstenir de suprimir, alterar, eludir o manipular qualsevol dispositiu de protecci\u00f3 o sistema de seguretat que estigu\u00e9s instal\u00b7lat a les p\u00e0gines de Fundaci\u00f3 Sique. \u00a0 <\/p>\n<p><strong>EXCLUSI\u00d3 DE GARANTIES I RESPONSABILITAT<\/strong><br \/>\nFundaci\u00f3 Sique no es fa responsable, en cap cas, dels danys i perjudicis de qualsevol naturalesa que puguin ocasionar, a t\u00edtol enunciatiu: errors o omissions en els continguts, manca de disponibilitat del portal o la transmissi\u00f3 de virus o programes maliciosos o lesius en els continguts, malgrat haver adoptat totes les mesures tecnol\u00f2giques necess\u00e0ries per evitar-ho. \u00a0 <\/p>\n<p><strong>MODIFICACIONS<\/strong><br \/>\nFundaci\u00f3 Sique es reserva el dret d&#8217;efectuar sense av\u00eds previ les modificacions que consideri oportunes al seu portal, podent canviar, suprimir o afegir tant els continguts i serveis que es prestin a trav\u00e9s d&#8217;aquesta com la forma en qu\u00e8 aquests apareguin presentats o localitzats al seu portal. \u00a0 <\/p>\n<p><strong>ENLLA\u00c7OS<\/strong><br \/>\nEn cas que a www.fundaciosique.org es disposessin enlla\u00e7os o hipervincles cap a altres llocs d&#8217;Internet, Fundaci\u00f3 Sique no exercir\u00e0 cap mena de control sobre aquests llocs i continguts. En cap cas Fundaci\u00f3 Sique assumir\u00e0 cap responsabilitat pels continguts d&#8217;algun enlla\u00e7 pertanyent a un lloc web ali\u00e8, ni garantir\u00e0 la disponibilitat t\u00e8cnica, qualitat, fiabilitat, exactitud, amplitud, veracitat, validesa i constitucionalitat de qualsevol material o informaci\u00f3 continguda en cap d&#8217;aquests hipervincles o altres llocs d&#8217;Internet. Igualment, la inclusi\u00f3 d&#8217;aquestes connexions externes no implicar\u00e0 cap mena d&#8217;associaci\u00f3, fusi\u00f3 o participaci\u00f3 amb les entitats connectades. \u00a0 <\/p>\n<p><strong>DRET D&#8217;EXCLUSI\u00d3<\/strong><br \/>\nFundaci\u00f3 Sique es reserva el dret de denegar o retirar l&#8217;acc\u00e9s al portal i\/o els serveis oferts sense necessitat de preav\u00eds, a inst\u00e0ncia pr\u00f2pia o d&#8217;un tercer, a aquells usuaris que incompleixin les presents Condicions Generals d&#8217;\u00das.<\/p>\n<p><strong>GENERALITATS<\/strong><br \/>\nFundaci\u00f3 Sique perseguir\u00e0 l&#8217;incompliment de les presents condicions aix\u00ed com qualsevol utilitzaci\u00f3 indeguda del seu portal exercint totes les accions civils i penals que li puguin correspondre en dret.<\/p>\n<p><strong>MODIFICACI\u00d3 DE LES PRESENTS CONDICIONS I DURADA<\/strong><br \/>\nFundaci\u00f3 Sique podr\u00e0 modificar en qualsevol moment les condicions aqu\u00ed determinades, sent degudament publicades com aqu\u00ed apareixen. La vig\u00e8ncia de les esmentades condicions anir\u00e0 en funci\u00f3 de la seva exposici\u00f3 i estaran vigents fins que siguin modificades per altres degudament publicades.<\/p>\n<p><strong>LEGISLACI\u00d3 APLICABLE I JURISDICCI\u00d3<\/strong><br \/>\nLa relaci\u00f3 entre Fundaci\u00f3 Sique i l&#8217;USUARI es regir\u00e0 per la normativa espanyola vigent i qualsevol controv\u00e8rsia se sotmetr\u00e0 als Jutjats i tribunals de la ciutat de Barcelona.<\/p>\n","protected":false},"excerpt":{"rendered":"<p>En virtut del que s&#8217;estableix a la Llei 34\/2002 de Serveis de la Societat de la Informaci\u00f3 i del Comer\u00e7 Electr\u00f2nic (LSSICE) i el Reglament (UE) 2016\/679 de 27 d&#8217;abril&#8230;<\/p>\n","protected":false},"author":1,"featured_media":0,"parent":0,"menu_order":0,"comment_status":"closed","ping_status":"closed","template":"","meta":{"footnotes":""},"class_list":["post-6760","page","type-page","status-publish"],"yoast_head":"<!-- This site is optimized with the Yoast SEO plugin v26.8 - https:\/\/yoast.com\/product\/yoast-seo-wordpress\/ -->\n<title>Av\u00eds legal - VAVAVA Viajes<\/title>\n<meta name=\"robots\" content=\"index, follow, max-snippet:-1, max-image-preview:large, max-video-preview:-1\" \/>\n<link rel=\"canonical\" href=\"https:\/\/vavava.org\/ca\/avis-legal\/\" \/>\n<meta property=\"og:locale\" content=\"ca_ES\" \/>\n<meta property=\"og:type\" content=\"article\" \/>\n<meta property=\"og:title\" content=\"Av\u00eds legal - VAVAVA Viajes\" \/>\n<meta property=\"og:description\" content=\"En virtut del que s&#8217;estableix a la Llei 34\/2002 de Serveis de la Societat de la Informaci\u00f3 i del Comer\u00e7 Electr\u00f2nic (LSSICE) i el Reglament (UE) 2016\/679 de 27 d&#8217;abril...\" \/>\n<meta property=\"og:url\" content=\"https:\/\/vavava.org\/ca\/avis-legal\/\" \/>\n<meta property=\"og:site_name\" content=\"VAVAVA - Ag\u00e8ncia de viatges especialitzada en el Tercer Sector\" \/>\n<meta property=\"article:modified_time\" content=\"2025-05-19T17:32:59+00:00\" \/>\n<meta name=\"twitter:card\" content=\"summary_large_image\" \/>\n<meta name=\"twitter:label1\" content=\"Temps estimat de lectura\" \/>\n\t<meta name=\"twitter:data1\" content=\"7 minuts\" \/>\n<script type=\"application\/ld+json\" class=\"yoast-schema-graph\">{\"@context\":\"https:\/\/schema.org\",\"@graph\":[{\"@type\":\"WebPage\",\"@id\":\"https:\/\/vavava.org\/ca\/avis-legal\/\",\"url\":\"https:\/\/vavava.org\/ca\/avis-legal\/\",\"name\":\"Av\u00eds legal - VAVAVA Viajes\",\"isPartOf\":{\"@id\":\"https:\/\/vavava.org\/#website\"},\"datePublished\":\"2025-03-04T10:42:47+00:00\",\"dateModified\":\"2025-05-19T17:32:59+00:00\",\"breadcrumb\":{\"@id\":\"https:\/\/vavava.org\/ca\/avis-legal\/#breadcrumb\"},\"inLanguage\":\"ca\",\"potentialAction\":[{\"@type\":\"ReadAction\",\"target\":[\"https:\/\/vavava.org\/ca\/avis-legal\/\"]}]},{\"@type\":\"BreadcrumbList\",\"@id\":\"https:\/\/vavava.org\/ca\/avis-legal\/#breadcrumb\",\"itemListElement\":[{\"@type\":\"ListItem\",\"position\":1,\"name\":\"VAVAVA Viajes\",\"item\":\"https:\/\/vavava.org\/ca\/\"},{\"@type\":\"ListItem\",\"position\":2,\"name\":\"Av\u00eds legal\"}]},{\"@type\":\"WebSite\",\"@id\":\"https:\/\/vavava.org\/#website\",\"url\":\"https:\/\/vavava.org\/\",\"name\":\"VAVAVA - Ag\u00e8ncia de viatges especialitzada en el Tercer Sector\",\"description\":\"Turismo inclusivo, adaptado y accesible\",\"potentialAction\":[{\"@type\":\"SearchAction\",\"target\":{\"@type\":\"EntryPoint\",\"urlTemplate\":\"https:\/\/vavava.org\/?s={search_term_string}\"},\"query-input\":{\"@type\":\"PropertyValueSpecification\",\"valueRequired\":true,\"valueName\":\"search_term_string\"}}],\"inLanguage\":\"ca\"}]}<\/script>\n<!-- \/ Yoast SEO plugin. -->","yoast_head_json":{"title":"Av\u00eds legal - VAVAVA Viajes","robots":{"index":"index","follow":"follow","max-snippet":"max-snippet:-1","max-image-preview":"max-image-preview:large","max-video-preview":"max-video-preview:-1"},"canonical":"https:\/\/vavava.org\/ca\/avis-legal\/","og_locale":"ca_ES","og_type":"article","og_title":"Av\u00eds legal - VAVAVA Viajes","og_description":"En virtut del que s&#8217;estableix a la Llei 34\/2002 de Serveis de la Societat de la Informaci\u00f3 i del Comer\u00e7 Electr\u00f2nic (LSSICE) i el Reglament (UE) 2016\/679 de 27 d&#8217;abril...","og_url":"https:\/\/vavava.org\/ca\/avis-legal\/","og_site_name":"VAVAVA - Ag\u00e8ncia de viatges especialitzada en el Tercer Sector","article_modified_time":"2025-05-19T17:32:59+00:00","twitter_card":"summary_large_image","twitter_misc":{"Temps estimat de lectura":"7 minuts"},"schema":{"@context":"https:\/\/schema.org","@graph":[{"@type":"WebPage","@id":"https:\/\/vavava.org\/ca\/avis-legal\/","url":"https:\/\/vavava.org\/ca\/avis-legal\/","name":"Av\u00eds legal - VAVAVA Viajes","isPartOf":{"@id":"https:\/\/vavava.org\/#website"},"datePublished":"2025-03-04T10:42:47+00:00","dateModified":"2025-05-19T17:32:59+00:00","breadcrumb":{"@id":"https:\/\/vavava.org\/ca\/avis-legal\/#breadcrumb"},"inLanguage":"ca","potentialAction":[{"@type":"ReadAction","target":["https:\/\/vavava.org\/ca\/avis-legal\/"]}]},{"@type":"BreadcrumbList","@id":"https:\/\/vavava.org\/ca\/avis-legal\/#breadcrumb","itemListElement":[{"@type":"ListItem","position":1,"name":"VAVAVA Viajes","item":"https:\/\/vavava.org\/ca\/"},{"@type":"ListItem","position":2,"name":"Av\u00eds legal"}]},{"@type":"WebSite","@id":"https:\/\/vavava.org\/#website","url":"https:\/\/vavava.org\/","name":"VAVAVA - Ag\u00e8ncia de viatges especialitzada en el Tercer Sector","description":"Turismo inclusivo, adaptado y accesible","potentialAction":[{"@type":"SearchAction","target":{"@type":"EntryPoint","urlTemplate":"https:\/\/vavava.org\/?s={search_term_string}"},"query-input":{"@type":"PropertyValueSpecification","valueRequired":true,"valueName":"search_term_string"}}],"inLanguage":"ca"}]}},"_links":{"self":[{"href":"https:\/\/vavava.org\/ca\/wp-json\/wp\/v2\/pages\/6760","targetHints":{"allow":["GET"]}}],"collection":[{"href":"https:\/\/vavava.org\/ca\/wp-json\/wp\/v2\/pages"}],"about":[{"href":"https:\/\/vavava.org\/ca\/wp-json\/wp\/v2\/types\/page"}],"author":[{"embeddable":true,"href":"https:\/\/vavava.org\/ca\/wp-json\/wp\/v2\/users\/1"}],"replies":[{"embeddable":true,"href":"https:\/\/vavava.org\/ca\/wp-json\/wp\/v2\/comments?post=6760"}],"version-history":[{"count":3,"href":"https:\/\/vavava.org\/ca\/wp-json\/wp\/v2\/pages\/6760\/revisions"}],"predecessor-version":[{"id":6764,"href":"https:\/\/vavava.org\/ca\/wp-json\/wp\/v2\/pages\/6760\/revisions\/6764"}],"wp:attachment":[{"href":"https:\/\/vavava.org\/ca\/wp-json\/wp\/v2\/media?parent=6760"}],"curies":[{"name":"wp","href":"https:\/\/api.w.org\/{rel}","templated":true}]}}