{"id":6763,"date":"2025-03-04T12:03:04","date_gmt":"2025-03-04T11:03:04","guid":{"rendered":"https:\/\/vavava.org\/politica-de-privacidad\/"},"modified":"2025-05-19T19:32:27","modified_gmt":"2025-05-19T17:32:27","slug":"politica-de-privacitat","status":"publish","type":"page","link":"https:\/\/vavava.org\/ca\/politica-de-privacitat\/","title":{"rendered":"Pol\u00edtica de privacitat"},"content":{"rendered":"<p><strong>1. INFORMACI\u00d3 A L&#8217;USUARI<\/strong><\/p>\n<p>FUNDACI\u00d3 SIQUE, d&#8217;ara endavant RESPONSABLE, \u00e9s el Responsable del tractament de les dades personals de l&#8217;Usuari i l&#8217;informa que aquestes dades seran tractades de conformitat amb el que disposen les normatives vigents en protecci\u00f3 de dades personals, el Reglament (UE) 2016\/679 de 27 d&#8217;abril de 2016 (GDPR) relatiu a la protecci\u00f3 de les persones f\u00edsiques pel que fa al tractament de dades personals i a la lliure circulaci\u00f3 d&#8217;aquestes dades, i per aix\u00f2 li facilita la seg\u00fcent informaci\u00f3 del tractament:<\/p>\n<p><strong>Finalitat del tractament.<\/strong><\/p>\n<p>Mantenir una relaci\u00f3 comercial amb l&#8217;usuari en relaci\u00f3 amb els productes o serveis oferts. A m\u00e9s, les operacions previstes per realitzar el tractament s\u00f3n: \u00a0 <\/p>\n<p>Realitzar estudis estad\u00edstics.<br \/>\nTramitar enc\u00e0rrecs de peticions o qualsevol mena de petici\u00f3 que sigui realitzada per l&#8217;usuari a trav\u00e9s de qualsevol de les formes de contacte que es posen a la seva disposici\u00f3.<br \/>\nRemetre el butllet\u00ed de not\u00edcies de la p\u00e0gina web (si fos el cas).<br \/>\nRemissi\u00f3 de comunicacions comercials publicit\u00e0ries per correu electr\u00f2nic, aplicacions m\u00f2bils, comunitats socials o qualsevol altre mitj\u00e0 electr\u00f2nic o f\u00edsic, present o futur, que possibiliti realitzar comunicacions comercials. Aquestes comunicacions seran realitzades pel RESPONSABLE i relacionades sobre els seus productes i serveis, o dels seus col\u00b7laboradors o prove\u00efdors amb els quals aquest hagi arribat a algun acord de promoci\u00f3. \u00a0<br \/>\nCriteris de conservaci\u00f3 de les dades.<br \/>\nEs conservaran mentre hi hagi un inter\u00e8s mutu per mantenir la finalitat del tractament i quan ja no sigui necessari per a aquesta finalitat, se suprimiran amb mesures de seguretat adequades per garantir la pseudonimitzaci\u00f3 de les dades o la destrucci\u00f3 total d&#8217;aquestes. \u00a0 <\/p>\n<p><strong>Comunicaci\u00f3 de les dades. <\/strong>\u00a0 <\/p>\n<p>Les seves dades de contacte seran cedides a l&#8217;empresa de transport per realitzar el lliurament de la comanda, i les de facturaci\u00f3 a la nostra assessoria fiscal encarregada del tractament fiscal. Tamb\u00e9 hi tindran acc\u00e9s els desenvolupadors web, l&#8217;empresa que ens d\u00f3na allotjament als seus servidors i empreses de serveis de distribuci\u00f3 de correus electr\u00f2nics. Totes elles tenen regularitzat amb nosaltres l&#8217;acc\u00e9s a aquestes dades per a la finalitat exclusivament aqu\u00ed descrita. No es destinaran a cap altre tercer per al seu tractament, excepte obligacions legals.<\/p>\n<p><strong>Drets que assisteixen a l&#8217;Usuari.<\/strong><\/p>\n<p>Dret a retirar el consentiment en qualsevol moment.<br \/>\nDret a oposar-se i a la portabilitat de les dades personals. S&#8217;estableix com a dret de l&#8217;interessat a rebre totes aquelles dades personals que l&#8217;incumbeixin i que hagi facilitat a un responsable, sempre que el tractament estigui basat en el consentiment o sigui necessari per a l&#8217;execuci\u00f3 d&#8217;un contracte i aquest es faci per mitjans automatitzats.<br \/>\nDret d&#8217;acc\u00e9s, rectificaci\u00f3 i supressi\u00f3 de les seves dades i de la limitaci\u00f3 o oposici\u00f3 al seu tractament.<br \/>\nDret d&#8217;acc\u00e9s: L&#8217;interessat tindr\u00e0 dret a sol\u00b7licitar i obtenir gratu\u00eftament la informaci\u00f3 de les seves dades de car\u00e0cter personal sotmeses a tractament, l&#8217;origen d&#8217;aquestes dades, aix\u00ed com, les comunicacions realitzades o que es preveuen fer d&#8217;aquestes. Quan l&#8217;interessat presenti la sol\u00b7licitud per mitjans electr\u00f2nics, i llevat que aquest sol\u00b7liciti que es faciliti d&#8217;una altra manera, la informaci\u00f3 es facilitar\u00e0 en un format electr\u00f2nic d&#8217;\u00fas com\u00fa. El dret a obtenir c\u00f2pia no afectar\u00e0 negativament els drets i llibertats d&#8217;altres. \u00a0<br \/>\nDret de rectificaci\u00f3 i supressi\u00f3: el responsable del tractament t\u00e9 l&#8217;obligaci\u00f3 de fer efectiu el dret de rectificaci\u00f3 o supressi\u00f3 de l&#8217;interessat en el termini de deu dies. Han de ser rectificades o suprimides si \u00e9s el cas, les dades de car\u00e0cter personal el tractament de les quals no s&#8217;ajusti al que disposa la llei i en particular, quan aquestes dades siguin inexactes i incompletes, tindr\u00e0 dret a obtenir sense dilaci\u00f3 indeguda, la rectificaci\u00f3 de les dades personals inexactes que el concerneixin. L&#8217;interessat t\u00e9 dret que es completin les dades personals que siguin incompletes, fins i tot mitjan\u00e7ant una declaraci\u00f3 addicional. \u00a0<br \/>\nDret a la limitaci\u00f3 del tractament: la persona interessada t\u00e9 dret a obtenir del responsable del tractament la limitaci\u00f3 del tractament de les dades. Quan el tractament de dades personals s&#8217;hagi limitat, nom\u00e9s podran ser objecte de tractament per a la seva conservaci\u00f3, amb el consentiment de l&#8217;interessat, per a la formulaci\u00f3, l&#8217;exercici o la defensa de reclamacions, amb la intenci\u00f3 de la protecci\u00f3 dels drets d&#8217;una altra persona f\u00edsica o jur\u00eddica o per raons d&#8217;inter\u00e8s p\u00fablic. Tot interessat que hagi obtingut la limitaci\u00f3 del tractament ser\u00e0 informat pel responsable abans de l&#8217;aixecament d&#8217;aquesta limitaci\u00f3.<br \/>\nDret d&#8217;oposici\u00f3: l&#8217;interessat tindr\u00e0 dret a oposar-se en qualsevol moment, per motius relacionats amb la seva situaci\u00f3 particular, que dades personals1 que el concerneixin (inter\u00e8s p\u00fablic i inter\u00e8s leg\u00edtim) siguin objecte de tractament, inclosa l&#8217;elaboraci\u00f3 de perfils sobre la base d&#8217;aquestes disposicions. FUNDACI\u00d3 SIQUE deixar\u00e0 de tractar les dades personals, llevat que acrediti motius leg\u00edtims imperiosos per al tractament que prevalguin sobre els interessos, els drets i les llibertats de l&#8217;interessat, o per a la formulaci\u00f3, l&#8217;exercici o la defensa de reclamacions. \u00a0 <\/p>\n","protected":false},"excerpt":{"rendered":"<p>1. INFORMACI\u00d3 A L&#8217;USUARI FUNDACI\u00d3 SIQUE, d&#8217;ara endavant RESPONSABLE, \u00e9s el Responsable del tractament de les dades personals de l&#8217;Usuari i l&#8217;informa que aquestes dades seran tractades de conformitat amb&#8230;<\/p>\n","protected":false},"author":1,"featured_media":0,"parent":0,"menu_order":0,"comment_status":"closed","ping_status":"closed","template":"","meta":{"footnotes":""},"class_list":["post-6763","page","type-page","status-publish"],"yoast_head":"<!-- This site is optimized with the Yoast SEO plugin v27.3 - https:\/\/yoast.com\/product\/yoast-seo-wordpress\/ -->\n<title>Pol\u00edtica de privacitat - VAVAVA Viajes<\/title>\n<meta name=\"robots\" content=\"index, follow, max-snippet:-1, max-image-preview:large, max-video-preview:-1\" \/>\n<link rel=\"canonical\" href=\"https:\/\/vavava.org\/ca\/politica-de-privacitat\/\" \/>\n<meta property=\"og:locale\" content=\"ca_ES\" \/>\n<meta property=\"og:type\" content=\"article\" \/>\n<meta property=\"og:title\" content=\"Pol\u00edtica de privacitat - VAVAVA Viajes\" \/>\n<meta property=\"og:description\" content=\"1. INFORMACI\u00d3 A L&#8217;USUARI FUNDACI\u00d3 SIQUE, d&#8217;ara endavant RESPONSABLE, \u00e9s el Responsable del tractament de les dades personals de l&#8217;Usuari i l&#8217;informa que aquestes dades seran tractades de conformitat amb...\" \/>\n<meta property=\"og:url\" content=\"https:\/\/vavava.org\/ca\/politica-de-privacitat\/\" \/>\n<meta property=\"og:site_name\" content=\"VAVAVA - Ag\u00e8ncia de viatges especialitzada en el Tercer Sector\" \/>\n<meta property=\"article:modified_time\" content=\"2025-05-19T17:32:27+00:00\" \/>\n<meta name=\"twitter:card\" content=\"summary_large_image\" \/>\n<meta name=\"twitter:label1\" content=\"Temps estimat de lectura\" \/>\n\t<meta name=\"twitter:data1\" content=\"4 minuts\" \/>\n<script type=\"application\/ld+json\" class=\"yoast-schema-graph\">{\"@context\":\"https:\\\/\\\/schema.org\",\"@graph\":[{\"@type\":\"WebPage\",\"@id\":\"https:\\\/\\\/vavava.org\\\/ca\\\/politica-de-privacitat\\\/\",\"url\":\"https:\\\/\\\/vavava.org\\\/ca\\\/politica-de-privacitat\\\/\",\"name\":\"Pol\u00edtica de privacitat - VAVAVA Viajes\",\"isPartOf\":{\"@id\":\"https:\\\/\\\/vavava.org\\\/#website\"},\"datePublished\":\"2025-03-04T11:03:04+00:00\",\"dateModified\":\"2025-05-19T17:32:27+00:00\",\"breadcrumb\":{\"@id\":\"https:\\\/\\\/vavava.org\\\/ca\\\/politica-de-privacitat\\\/#breadcrumb\"},\"inLanguage\":\"ca\",\"potentialAction\":[{\"@type\":\"ReadAction\",\"target\":[\"https:\\\/\\\/vavava.org\\\/ca\\\/politica-de-privacitat\\\/\"]}]},{\"@type\":\"BreadcrumbList\",\"@id\":\"https:\\\/\\\/vavava.org\\\/ca\\\/politica-de-privacitat\\\/#breadcrumb\",\"itemListElement\":[{\"@type\":\"ListItem\",\"position\":1,\"name\":\"VAVAVA Viajes\",\"item\":\"https:\\\/\\\/vavava.org\\\/ca\\\/\"},{\"@type\":\"ListItem\",\"position\":2,\"name\":\"Pol\u00edtica de privacitat\"}]},{\"@type\":\"WebSite\",\"@id\":\"https:\\\/\\\/vavava.org\\\/#website\",\"url\":\"https:\\\/\\\/vavava.org\\\/\",\"name\":\"VAVAVA - Ag\u00e8ncia de viatges especialitzada en el Tercer Sector\",\"description\":\"Turismo inclusivo, adaptado y accesible\",\"potentialAction\":[{\"@type\":\"SearchAction\",\"target\":{\"@type\":\"EntryPoint\",\"urlTemplate\":\"https:\\\/\\\/vavava.org\\\/?s={search_term_string}\"},\"query-input\":{\"@type\":\"PropertyValueSpecification\",\"valueRequired\":true,\"valueName\":\"search_term_string\"}}],\"inLanguage\":\"ca\"}]}<\/script>\n<!-- \/ Yoast SEO plugin. -->","yoast_head_json":{"title":"Pol\u00edtica de privacitat - VAVAVA Viajes","robots":{"index":"index","follow":"follow","max-snippet":"max-snippet:-1","max-image-preview":"max-image-preview:large","max-video-preview":"max-video-preview:-1"},"canonical":"https:\/\/vavava.org\/ca\/politica-de-privacitat\/","og_locale":"ca_ES","og_type":"article","og_title":"Pol\u00edtica de privacitat - VAVAVA Viajes","og_description":"1. INFORMACI\u00d3 A L&#8217;USUARI FUNDACI\u00d3 SIQUE, d&#8217;ara endavant RESPONSABLE, \u00e9s el Responsable del tractament de les dades personals de l&#8217;Usuari i l&#8217;informa que aquestes dades seran tractades de conformitat amb...","og_url":"https:\/\/vavava.org\/ca\/politica-de-privacitat\/","og_site_name":"VAVAVA - Ag\u00e8ncia de viatges especialitzada en el Tercer Sector","article_modified_time":"2025-05-19T17:32:27+00:00","twitter_card":"summary_large_image","twitter_misc":{"Temps estimat de lectura":"4 minuts"},"schema":{"@context":"https:\/\/schema.org","@graph":[{"@type":"WebPage","@id":"https:\/\/vavava.org\/ca\/politica-de-privacitat\/","url":"https:\/\/vavava.org\/ca\/politica-de-privacitat\/","name":"Pol\u00edtica de privacitat - VAVAVA Viajes","isPartOf":{"@id":"https:\/\/vavava.org\/#website"},"datePublished":"2025-03-04T11:03:04+00:00","dateModified":"2025-05-19T17:32:27+00:00","breadcrumb":{"@id":"https:\/\/vavava.org\/ca\/politica-de-privacitat\/#breadcrumb"},"inLanguage":"ca","potentialAction":[{"@type":"ReadAction","target":["https:\/\/vavava.org\/ca\/politica-de-privacitat\/"]}]},{"@type":"BreadcrumbList","@id":"https:\/\/vavava.org\/ca\/politica-de-privacitat\/#breadcrumb","itemListElement":[{"@type":"ListItem","position":1,"name":"VAVAVA Viajes","item":"https:\/\/vavava.org\/ca\/"},{"@type":"ListItem","position":2,"name":"Pol\u00edtica de privacitat"}]},{"@type":"WebSite","@id":"https:\/\/vavava.org\/#website","url":"https:\/\/vavava.org\/","name":"VAVAVA - Ag\u00e8ncia de viatges especialitzada en el Tercer Sector","description":"Turismo inclusivo, adaptado y accesible","potentialAction":[{"@type":"SearchAction","target":{"@type":"EntryPoint","urlTemplate":"https:\/\/vavava.org\/?s={search_term_string}"},"query-input":{"@type":"PropertyValueSpecification","valueRequired":true,"valueName":"search_term_string"}}],"inLanguage":"ca"}]}},"_links":{"self":[{"href":"https:\/\/vavava.org\/ca\/wp-json\/wp\/v2\/pages\/6763","targetHints":{"allow":["GET"]}}],"collection":[{"href":"https:\/\/vavava.org\/ca\/wp-json\/wp\/v2\/pages"}],"about":[{"href":"https:\/\/vavava.org\/ca\/wp-json\/wp\/v2\/types\/page"}],"author":[{"embeddable":true,"href":"https:\/\/vavava.org\/ca\/wp-json\/wp\/v2\/users\/1"}],"replies":[{"embeddable":true,"href":"https:\/\/vavava.org\/ca\/wp-json\/wp\/v2\/comments?post=6763"}],"version-history":[{"count":1,"href":"https:\/\/vavava.org\/ca\/wp-json\/wp\/v2\/pages\/6763\/revisions"}],"predecessor-version":[{"id":6766,"href":"https:\/\/vavava.org\/ca\/wp-json\/wp\/v2\/pages\/6763\/revisions\/6766"}],"wp:attachment":[{"href":"https:\/\/vavava.org\/ca\/wp-json\/wp\/v2\/media?parent=6763"}],"curies":[{"name":"wp","href":"https:\/\/api.w.org\/{rel}","templated":true}]}}